{"id":13,"date":"2021-04-28T03:23:23","date_gmt":"2021-04-28T01:23:23","guid":{"rendered":"http:\/\/nordicvalheim.mooo.com\/?page_id=13"},"modified":"2021-04-28T03:23:23","modified_gmt":"2021-04-28T01:23:23","slug":"om","status":"publish","type":"page","link":"https:\/\/sattrabiloplat.se\/?page_id=13","title":{"rendered":"Om"},"content":{"rendered":"\n<p><em><strong>Historia, S\u00e4ttra Bil&amp;Pl\u00e5t AB<br><\/strong><br><br><\/em>Det \u00e4r 15 \u00e5r sedan (1997) f\u00f6retaget startade, d\u00e5 i en liten lokal p\u00e5 Gustafsv\u00e4gen i Hallstavik (gamla glasm\u00e4steriet) med d\u00e5varande f\u00f6retagsnamnet Anders Bil&amp;Pl\u00e5t.<br>P\u00e5 den tiden var det mest rostlagningar som Anders gjorde och verktygen bestod av svets, vinkelslip och tv\u00e5 verktygsl\u00e5dor. D\u00e5 jobbade han sj\u00e4lvst\u00e4ndigt utan anst\u00e4llda vid sin sida.<br>Efter tv\u00e5 m\u00e5nader blev f\u00f6retaget tvunget att flytta ifr\u00e5n gamla glasm\u00e4steriet, p.g.a att verksamhetens ljudniv\u00e5 var st\u00f6rande f\u00f6r hyresg\u00e4sterna runt omkring.<br><br>Anders letade en ny lokal att bedriva sin verksamhet i och flytten blev till S\u00e4ttra (gamla Preem macken i Hallstavik), d\u00e4r han hyrde en hall av Nicke.<br>F\u00f6retaget tog d\u00e5 fart ordentligt och Anders fick fler och fler kunder. Det investerades i nya verktyg f\u00f6r att kunna reparera \u00e4ven modernare bilar.<br>F\u00f6retaget v\u00e4xte f\u00f6r varje \u00e5r och det sista \u00e5ret Anders hade sin arbetsplats p\u00e5 gamla Preem macken i S\u00e4ttra, hade han 3 st hallar och<br>f\u00f6retaget hade utvecklats till ett Aktiebolag, som efter mycket om och men fick namnet S\u00e4ttra Bil &amp; Pl\u00e5t AB.<br>Ungef\u00e4r vid skiftet av lokal b\u00f6t \u00e4ven Anders d\u00e5varande efternamn Hedman ut till Ferngren.<br><br>Efter 3 \u00e5r uppe vid gamla Preem macken i S\u00e4ttra fick Anders tillf\u00e4lle att k\u00f6pa gamla Texaco macken i Hallstavik, vilket han gjorde (\u00e5r 2000).<br>F\u00f6retaget fick nu \u00e4nnu fler jobb att ta itu med, det blev f\u00f6r mycket jobb f\u00f6r en person och f\u00f6retaget anst\u00e4llde f\u00f6r f\u00f6rsta g\u00e5ngen personal.<br>Ungef\u00e4r 2002-2003 ansl\u00f6t sig S\u00e4ttra Bil &amp; Pl\u00e5t till Mekonomens verkstadskedja (Sveriges st\u00f6rsta verkstadskedja).<br><br>Efter 10 lyckade \u00e5r vid gamla Texaco macken b\u00f6rjade \u00e4ven den lokalen bli f\u00f6r liten i och med att f\u00f6retaget v\u00e4xte. F\u00f6retaget hade d\u00e5 tankar p\u00e5 att bygga<br>en ny lokal n\u00e5gonstans i Hallstavik och det letades \u00e4ven befintliga lokaler. De tankarna blev f\u00f6r\u00e4ndrade n\u00e4r gamla OKQ8 i Hallstavik blev till f\u00f6rs\u00e4ljning.<br>B\u00e5de lokaler och l\u00e4ge som gamla OKQ8 hade ans\u00e5gs vara det b\u00e4sta f\u00f6r f\u00f6retagets utveckling och S\u00e4ttra Bil&amp;Pl\u00e5t tog sitt pick och pack och flyttade hit d\u00e4r vi \u00e4r idag (Lund\u00e5sv\u00e4gen 1 i Hallstavik), med stor lycka och f\u00f6rhoppningar \u00e5r 2010.<br><br>I dag, efter n\u00e4stan 9 \u00e5r p\u00e5 samma st\u00e4lle, har f\u00f6retaget anst\u00e4llt\u00a03 mekaniker, en kontorist\/kundmottagare och en person som arbetar med marknadsf\u00f6ring. Vi brukar \u00e4ven i perioder ta emot praktikanter f\u00f6r h\u00f6gstadieelever eller gymnasieelever som beh\u00f6ver.<br><br>Numera kan vi erbjuda allt detta..<br>&#8211; Bilverkstad med plats f\u00f6r 4 st bilar.<br>&#8211; Automattv\u00e4tt f\u00f6r din bil (Hallstavks enda).<br>&#8211; En butik fylld av produkter. Allt fr\u00e5n bild\u00e4ck, motorolja och bilv\u00e5rdsprodukter till godis, dryck och glass.<br>&#8211; Caf\u00e9 (h\u00f6rncaf\u00e9 inne i butiken) med inspiration och musik fr\u00e5n 50-60 talet!<br>&#8211; Vi sl\u00e4cker bilbesiktningens 2:or h\u00e4r p\u00e5 plats.<br><br>* I mars 2019 firar f\u00f6retaget 9 \u00e5r p\u00e5 Lund\u00e5sv\u00e4gen 1 i Hallstavik. F\u00f6retaget fyller 22 \u00e5r i Januari 2019<\/p>\n","protected":false},"excerpt":{"rendered":"<p>Historia, S\u00e4ttra Bil&amp;Pl\u00e5t AB Det \u00e4r 15 \u00e5r sedan (1997) f\u00f6retaget startade, d\u00e5 i en liten lokal p\u00e5 Gustafsv\u00e4gen i<\/p>\n","protected":false},"author":1,"featured_media":0,"parent":0,"menu_order":0,"comment_status":"closed","ping_status":"closed","template":"","meta":{"footnotes":""},"class_list":["post-13","page","type-page","status-publish","hentry"],"_links":{"self":[{"href":"https:\/\/sattrabiloplat.se\/index.php?rest_route=\/wp\/v2\/pages\/13","targetHints":{"allow":["GET"]}}],"collection":[{"href":"https:\/\/sattrabiloplat.se\/index.php?rest_route=\/wp\/v2\/pages"}],"about":[{"href":"https:\/\/sattrabiloplat.se\/index.php?rest_route=\/wp\/v2\/types\/page"}],"author":[{"embeddable":true,"href":"https:\/\/sattrabiloplat.se\/index.php?rest_route=\/wp\/v2\/users\/1"}],"replies":[{"embeddable":true,"href":"https:\/\/sattrabiloplat.se\/index.php?rest_route=%2Fwp%2Fv2%2Fcomments&post=13"}],"version-history":[{"count":0,"href":"https:\/\/sattrabiloplat.se\/index.php?rest_route=\/wp\/v2\/pages\/13\/revisions"}],"wp:attachment":[{"href":"https:\/\/sattrabiloplat.se\/index.php?rest_route=%2Fwp%2Fv2%2Fmedia&parent=13"}],"curies":[{"name":"wp","href":"https:\/\/api.w.org\/{rel}","templated":true}]}}