{"id":696,"date":"2021-10-06T07:45:36","date_gmt":"2021-10-06T05:45:36","guid":{"rendered":"http:\/\/sattrabiloplat.se\/?page_id=696"},"modified":"2021-10-06T10:55:06","modified_gmt":"2021-10-06T08:55:06","slug":"mekonomen-assistans","status":"publish","type":"page","link":"https:\/\/sattrabiloplat.se\/?page_id=696","title":{"rendered":"Mekonomen Assistans"},"content":{"rendered":"<h2>Mekonomen Assistans<\/h2>\n<p>N\u00e4r du servar din bil hos oss p\u00e5 Mekonomen ing\u00e5r ett \u00e5rs assistansf\u00f6rs\u00e4kring. Det inneb\u00e4r att vi hj\u00e4lper dig om din bil pl\u00f6tsligt stannar eller v\u00e4grar starta. Du f\u00e5r \u00e4ven hj\u00e4lp vid bensinstopp, punktering eller om du av n\u00e5gon anledning tappat bort din nyckel. V\u00e5r assistansf\u00f6rs\u00e4kring g\u00e4ller i hela Norden (utom Gr\u00f6nland).<\/p>\n<h5>Vilka fordon omfattas av f\u00f6rs\u00e4kringen?<\/h5>\n<ul>\n<li>Fordonet ska ha gjort service hos Mekonomen och det ska framg\u00e5 av kvittot\/f\u00f6rs\u00e4kringsbeviset att assistans ing\u00e5r.<\/li>\n<li>F\u00f6rs\u00e4kringen g\u00e4ller f\u00f6r personbilsregistrerat fordon klass I, l\u00e4tt lastbil och husbil med en totalvikt om h\u00f6gst 3.5 ton. Fordonet ska vara svenskregistrerat och godk\u00e4nt f\u00f6r att framf\u00f6ras i trafik under hela f\u00f6rs\u00e4kringsperioden.<\/li>\n<\/ul>\n<h5>F\u00f6rs\u00e4kringen g\u00e4ller inte f\u00f6r fordon som:<\/h5>\n<ul>\n<li>\u00c4r milit\u00e4rregistrerat eller belagt med k\u00f6rf\u00f6rbud<\/li>\n<li>\u00c4r registrerat som taxi, ambulans, milit\u00e4r-, bud-, k\u00f6rskolefordon eller anv\u00e4nds i annan yrkesm\u00e4ssig trafik<\/li>\n<li>Anv\u00e4nds vid yrkesm\u00e4ssig uthyrning eller utl\u00e5ning mot ers\u00e4ttning<\/li>\n<li>Anv\u00e4nds i t\u00e4vlingsverksamhet eller vid tr\u00e4ning f\u00f6r s\u00e5dan verksamhet<\/li>\n<\/ul>\n<h5>Sj\u00e4lvrisk<\/h5>\n<p>F\u00f6r fordon \u00e4ldre \u00e4n 12 \u00e5r r\u00e4knat fr\u00e5n fordonets \u00e5rsmodell, g\u00e4ller en sj\u00e4lvrisk p\u00e5 895 kr per assistans. F\u00f6r fordon yngre \u00e4n 12 \u00e5r s\u00e5 g\u00e4ller f\u00f6rs\u00e4kringen utan sj\u00e4lvrisk.<\/p>\n<h5>Giltighetstid och omfattning<\/h5>\n<p>F\u00f6rs\u00e4kringen b\u00f6rjar g\u00e4lla efter genomf\u00f6rd service av fordonet och upph\u00f6r per automatik n\u00e4r f\u00f6rs\u00e4kringstiden g\u00e5tt ut. F\u00f6rs\u00e4kringstiden framg\u00e5r av kvittot\/ f\u00f6rs\u00e4kringsbeviset. F\u00f6rs\u00e4kring g\u00e4ller f\u00f6r driftstopp som f\u00f6rhindrar fortsatt f\u00e4rd och beror p\u00e5:<\/p>\n<ul>\n<li>Motorstopp<\/li>\n<li>Punktering<\/li>\n<li>Drivmedelsbrist<\/li>\n<li>F\u00f6rlust av bilnyckel, inl\u00e5sning av bilnyckel eller bilnyckel som bryts av, etc.<\/li>\n<\/ul>\n<h2>F\u00f6r att utnyttja din assistansf\u00f6rs\u00e4kring, ring 0771-166 000<\/h2>\n","protected":false},"excerpt":{"rendered":"<p>Mekonomen Assistans N\u00e4r du servar din bil hos oss p\u00e5 Mekonomen ing\u00e5r ett \u00e5rs assistansf\u00f6rs\u00e4kring. Det inneb\u00e4r att vi hj\u00e4lper<\/p>\n","protected":false},"author":1,"featured_media":0,"parent":0,"menu_order":0,"comment_status":"closed","ping_status":"closed","template":"","meta":{"footnotes":""},"class_list":["post-696","page","type-page","status-publish","hentry"],"_links":{"self":[{"href":"https:\/\/sattrabiloplat.se\/index.php?rest_route=\/wp\/v2\/pages\/696","targetHints":{"allow":["GET"]}}],"collection":[{"href":"https:\/\/sattrabiloplat.se\/index.php?rest_route=\/wp\/v2\/pages"}],"about":[{"href":"https:\/\/sattrabiloplat.se\/index.php?rest_route=\/wp\/v2\/types\/page"}],"author":[{"embeddable":true,"href":"https:\/\/sattrabiloplat.se\/index.php?rest_route=\/wp\/v2\/users\/1"}],"replies":[{"embeddable":true,"href":"https:\/\/sattrabiloplat.se\/index.php?rest_route=%2Fwp%2Fv2%2Fcomments&post=696"}],"version-history":[{"count":4,"href":"https:\/\/sattrabiloplat.se\/index.php?rest_route=\/wp\/v2\/pages\/696\/revisions"}],"predecessor-version":[{"id":704,"href":"https:\/\/sattrabiloplat.se\/index.php?rest_route=\/wp\/v2\/pages\/696\/revisions\/704"}],"wp:attachment":[{"href":"https:\/\/sattrabiloplat.se\/index.php?rest_route=%2Fwp%2Fv2%2Fmedia&parent=696"}],"curies":[{"name":"wp","href":"https:\/\/api.w.org\/{rel}","templated":true}]}}