{"id":722,"date":"2021-10-06T16:11:27","date_gmt":"2021-10-06T14:11:27","guid":{"rendered":"http:\/\/sattrabiloplat.se\/?page_id=722"},"modified":"2021-10-07T08:10:25","modified_gmt":"2021-10-07T06:10:25","slug":"dack-dackho","status":"publish","type":"page","link":"https:\/\/sattrabiloplat.se\/?page_id=722","title":{"rendered":"Dags f\u00f6r d\u00e4ckskifte \u2013 vi kan d\u00e4ck!"},"content":{"rendered":"<h2>Dags f\u00f6r d\u00e4ckskifte \u2013 vi kan d\u00e4ck!<\/h2>\n<p><strong>Att ha r\u00e4tt d\u00e4ck p\u00e5 bilen anpassade efter r\u00e5dande s\u00e4song \u00e4r ett m\u00e5ste f\u00f6r en s\u00e4ker k\u00f6rupplevelse p\u00e5 v\u00e4garna. N\u00e4r du skiftar d\u00e4ck hos oss g\u00f6r vi alltid en s\u00e4kerhetskontroll, f\u00f6r att du ska k\u00e4nna dig trygg p\u00e5 v\u00e4gen.<\/strong><\/p>\n<p>F\u00f6r att i samband med d\u00e4ckskifte f\u00e5 en fackmammam\u00e4ssig s\u00e4kerhetskontroll \u00e4r det bra att l\u00e5ta en verkstad skifta d\u00e4cken. P\u00e5 Mekonomen g\u00f6rs alltid en s\u00e4kerhetskontroll vid d\u00e4ckskifte. D\u00e5 ing\u00e5r bland annat kontroll av st\u00f6td\u00e4mpare, fj\u00e4dring, d\u00e4ck, bromsar och lufttryck. Allt detta f\u00f6r \u00f6kad s\u00e4kerhet, minskad br\u00e4nslef\u00f6rbrukning och f\u00f6r att i l\u00e4ngden slippa on\u00f6digt slitage och h\u00f6ga kostnader.<\/p>\n<h5>D\u00e4ckskifte med s\u00e4kerhetskontroll<\/h5>\n<ul>\n<li>M\u00f6nsterdjup<\/li>\n<li>Skador p\u00e5 d\u00e4ck<\/li>\n<li>St\u00f6td\u00e4mpare<\/li>\n<li>Bromsar (skivor, bel\u00e4gg och slangar)<\/li>\n<\/ul>\n<h5>Datum f\u00f6r att skifta d\u00e4ck<\/h5>\n<p>Om vinterv\u00e4glag r\u00e5der ska din bil ha vinterd\u00e4ck fr\u00e5n 1 december \u2013 31 mars. Dubbd\u00e4ck \u00e4r till\u00e5tet fr\u00e5n 1 oktober-15 april om det \u00e4r eller befaras bli vinterv\u00e4glag. Enligt polisen r\u00e5der vinterv\u00e4glag n\u00e4r det finns sn\u00f6, is, sn\u00f6modd eller frost p\u00e5 n\u00e5gon del av v\u00e4gen.<\/p>\n<h5>D\u00e4ckhotell<\/h5>\n<p>Information kommer.<\/p>\n","protected":false},"excerpt":{"rendered":"<p>Dags f\u00f6r d\u00e4ckskifte \u2013 vi kan d\u00e4ck! Att ha r\u00e4tt d\u00e4ck p\u00e5 bilen anpassade efter r\u00e5dande s\u00e4song \u00e4r ett m\u00e5ste<\/p>\n","protected":false},"author":1,"featured_media":0,"parent":0,"menu_order":0,"comment_status":"closed","ping_status":"closed","template":"","meta":{"footnotes":""},"class_list":["post-722","page","type-page","status-publish","hentry"],"_links":{"self":[{"href":"https:\/\/sattrabiloplat.se\/index.php?rest_route=\/wp\/v2\/pages\/722","targetHints":{"allow":["GET"]}}],"collection":[{"href":"https:\/\/sattrabiloplat.se\/index.php?rest_route=\/wp\/v2\/pages"}],"about":[{"href":"https:\/\/sattrabiloplat.se\/index.php?rest_route=\/wp\/v2\/types\/page"}],"author":[{"embeddable":true,"href":"https:\/\/sattrabiloplat.se\/index.php?rest_route=\/wp\/v2\/users\/1"}],"replies":[{"embeddable":true,"href":"https:\/\/sattrabiloplat.se\/index.php?rest_route=%2Fwp%2Fv2%2Fcomments&post=722"}],"version-history":[{"count":7,"href":"https:\/\/sattrabiloplat.se\/index.php?rest_route=\/wp\/v2\/pages\/722\/revisions"}],"predecessor-version":[{"id":729,"href":"https:\/\/sattrabiloplat.se\/index.php?rest_route=\/wp\/v2\/pages\/722\/revisions\/729"}],"wp:attachment":[{"href":"https:\/\/sattrabiloplat.se\/index.php?rest_route=%2Fwp%2Fv2%2Fmedia&parent=722"}],"curies":[{"name":"wp","href":"https:\/\/api.w.org\/{rel}","templated":true}]}}