{"id":779,"date":"2021-10-15T10:56:29","date_gmt":"2021-10-15T08:56:29","guid":{"rendered":"http:\/\/sattrabiloplat.se\/?page_id=779"},"modified":"2021-10-15T11:00:27","modified_gmt":"2021-10-15T09:00:27","slug":"elementor-779","status":"publish","type":"page","link":"https:\/\/sattrabiloplat.se\/?page_id=779","title":{"rendered":"Kontakta oss"},"content":{"rendered":"<h2>Kontakta oss<\/h2>\n<h5>Telefon<\/h5>\n<p>Ring oss: 0175-21520<\/p>\n<h5>Hitta till oss<\/h5>\n<p><iframe frameborder=\"0\" scrolling=\"no\" marginheight=\"0\" marginwidth=\"0\" src=\"https:\/\/maps.google.com\/maps?q=Lund%C3%A5sv%C3%A4gen%201%20hallstavik&amp;t=m&amp;z=14&amp;output=embed&amp;iwloc=near\" title=\"Lund\u00e5sv\u00e4gen 1 hallstavik\" aria-label=\"Lund\u00e5sv\u00e4gen 1 hallstavik\"><\/iframe><\/p>\n<h5>Skicka ett meddelande<\/h5>\n<div class=\"wpforms-container wpforms-container-full\" id=\"wpforms-695\"><form id=\"wpforms-form-695\" class=\"wpforms-validate wpforms-form wpforms-ajax-form\" data-formid=\"695\" method=\"post\" enctype=\"multipart\/form-data\" action=\"\/index.php?rest_route=%2Fwp%2Fv2%2Fpages%2F779\" data-token=\"c432f468b4e6561e40daac21de40ee37\" data-token-time=\"1778501532\"><noscript class=\"wpforms-error-noscript\">Aktivera JavaScript i din webbl\u00e4sare f\u00f6r att fylla i formul\u00e4ret.<\/noscript><div class=\"wpforms-field-container\"><div id=\"wpforms-695-field_0-container\" class=\"wpforms-field wpforms-field-name\" data-field-id=\"0\"><label class=\"wpforms-field-label\" for=\"wpforms-695-field_0\">Namn: <span class=\"wpforms-required-label\">*<\/span><\/label><div class=\"wpforms-field-row wpforms-field-medium\"><div class=\"wpforms-field-row-block wpforms-first wpforms-one-half\"><input type=\"text\" id=\"wpforms-695-field_0\" class=\"wpforms-field-name-first wpforms-field-required\" name=\"wpforms[fields][0][first]\" required><label for=\"wpforms-695-field_0\" class=\"wpforms-field-sublabel after wpforms-sublabel-hide\">F\u00f6rst<\/label><\/div><div class=\"wpforms-field-row-block wpforms-one-half\"><input type=\"text\" id=\"wpforms-695-field_0-last\" class=\"wpforms-field-name-last wpforms-field-required\" name=\"wpforms[fields][0][last]\" required><label for=\"wpforms-695-field_0-last\" class=\"wpforms-field-sublabel after wpforms-sublabel-hide\">Sist<\/label><\/div><\/div><\/div><div id=\"wpforms-695-field_7-container\" class=\"wpforms-field wpforms-field-text\" data-field-id=\"7\"><label class=\"wpforms-field-label\" for=\"wpforms-695-field_7\">Telefon: <span class=\"wpforms-required-label\">*<\/span><\/label><input type=\"text\" id=\"wpforms-695-field_7\" class=\"wpforms-field-small wpforms-field-required\" name=\"wpforms[fields][7]\" required><\/div><div id=\"wpforms-695-field_1-container\" class=\"wpforms-field wpforms-field-email\" data-field-id=\"1\"><label class=\"wpforms-field-label\" for=\"wpforms-695-field_1\">Email:<\/label><input type=\"email\" id=\"wpforms-695-field_1\" class=\"wpforms-field-medium\" name=\"wpforms[fields][1]\" spellcheck=\"false\" ><\/div><div id=\"wpforms-695-field_4-container\" class=\"wpforms-field wpforms-field-text\" data-field-id=\"4\"><label class=\"wpforms-field-label\" for=\"wpforms-695-field_4\">Registreringsnummer:<\/label><input type=\"text\" id=\"wpforms-695-field_4\" class=\"wpforms-field-small wpforms-limit-characters-enabled\" data-form-id=\"695\" data-field-id=\"4\" data-text-limit=\"6\" name=\"wpforms[fields][4]\" placeholder=\"abc123\" maxlength=\"6\" ><\/div><div id=\"wpforms-695-field_2-container\" class=\"wpforms-field wpforms-field-textarea\" data-field-id=\"2\"><label class=\"wpforms-field-label\" for=\"wpforms-695-field_2\">Meddelande: <span class=\"wpforms-required-label\">*<\/span><\/label><textarea id=\"wpforms-695-field_2\" class=\"wpforms-field-medium wpforms-field-required\" name=\"wpforms[fields][2]\" required><\/textarea><\/div><\/div><!-- .wpforms-field-container --><div class=\"wpforms-recaptcha-container wpforms-is-recaptcha wpforms-is-recaptcha-type-v2\" ><div class=\"g-recaptcha\" data-sitekey=\"6LeHlJ0cAAAAAID80I-5ohF0LtqODz0jBVzUuMZh\"><\/div><input type=\"text\" name=\"g-recaptcha-hidden\" class=\"wpforms-recaptcha-hidden\" style=\"position:absolute!important;clip:rect(0,0,0,0)!important;height:1px!important;width:1px!important;border:0!important;overflow:hidden!important;padding:0!important;margin:0!important;\" data-rule-recaptcha=\"1\"><\/div><div class=\"wpforms-submit-container\" ><input type=\"hidden\" name=\"wpforms[id]\" value=\"695\"><input type=\"hidden\" name=\"page_title\" value=\"\"><input type=\"hidden\" name=\"page_url\" value=\"https:\/\/sattrabiloplat.se\/index.php?rest_route=\/wp\/v2\/pages\/779\"><input type=\"hidden\" name=\"url_referer\" value=\"\"><button type=\"submit\" name=\"wpforms[submit]\" id=\"wpforms-submit-695\" class=\"wpforms-submit\" data-alt-text=\"Skickar...\" data-submit-text=\"Skicka\" aria-live=\"assertive\" value=\"wpforms-submit\">Skicka<\/button><img loading=\"lazy\" decoding=\"async\" src=\"https:\/\/sattrabiloplat.se\/wp-content\/plugins\/wpforms-lite\/assets\/images\/submit-spin.svg\" class=\"wpforms-submit-spinner\" style=\"display: none;\" width=\"26\" height=\"26\" alt=\"Laddar\"><\/div><\/form><\/div>  <!-- .wpforms-container -->\n","protected":false},"excerpt":{"rendered":"<p>Kontakta oss Telefon Ring oss: 0175-21520 Hitta till oss Skicka ett meddelande<\/p>\n","protected":false},"author":1,"featured_media":0,"parent":0,"menu_order":0,"comment_status":"closed","ping_status":"closed","template":"","meta":{"footnotes":""},"class_list":["post-779","page","type-page","status-publish","hentry"],"_links":{"self":[{"href":"https:\/\/sattrabiloplat.se\/index.php?rest_route=\/wp\/v2\/pages\/779","targetHints":{"allow":["GET"]}}],"collection":[{"href":"https:\/\/sattrabiloplat.se\/index.php?rest_route=\/wp\/v2\/pages"}],"about":[{"href":"https:\/\/sattrabiloplat.se\/index.php?rest_route=\/wp\/v2\/types\/page"}],"author":[{"embeddable":true,"href":"https:\/\/sattrabiloplat.se\/index.php?rest_route=\/wp\/v2\/users\/1"}],"replies":[{"embeddable":true,"href":"https:\/\/sattrabiloplat.se\/index.php?rest_route=%2Fwp%2Fv2%2Fcomments&post=779"}],"version-history":[{"count":5,"href":"https:\/\/sattrabiloplat.se\/index.php?rest_route=\/wp\/v2\/pages\/779\/revisions"}],"predecessor-version":[{"id":784,"href":"https:\/\/sattrabiloplat.se\/index.php?rest_route=\/wp\/v2\/pages\/779\/revisions\/784"}],"wp:attachment":[{"href":"https:\/\/sattrabiloplat.se\/index.php?rest_route=%2Fwp%2Fv2%2Fmedia&parent=779"}],"curies":[{"name":"wp","href":"https:\/\/api.w.org\/{rel}","templated":true}]}}